{"id":7,"date":"2023-06-04T22:10:45","date_gmt":"2023-06-04T22:10:45","guid":{"rendered":"https:\/\/www.baopropiedades.cl\/?page_id=7"},"modified":"2023-06-04T23:58:00","modified_gmt":"2023-06-05T03:58:00","slug":"about","status":"publish","type":"page","link":"https:\/\/www.baopropiedades.cl\/?page_id=7","title":{"rendered":"Acerca de m\u00ed"},"content":{"rendered":"<p style=\"padding-left: 40px;\"><img loading=\"lazy\" decoding=\"async\" class=\"wp-image-21 aligncenter\" src=\"https:\/\/www.baopropiedades.cl\/wp-content\/uploads\/2023\/06\/Bao-mod-2-peq-300x253.jpg\" alt=\"\" width=\"123\" height=\"104\" srcset=\"https:\/\/www.baopropiedades.cl\/wp-content\/uploads\/2023\/06\/Bao-mod-2-peq-300x253.jpg 300w, https:\/\/www.baopropiedades.cl\/wp-content\/uploads\/2023\/06\/Bao-mod-2-peq-1024x863.jpg 1024w, https:\/\/www.baopropiedades.cl\/wp-content\/uploads\/2023\/06\/Bao-mod-2-peq-768x647.jpg 768w, https:\/\/www.baopropiedades.cl\/wp-content\/uploads\/2023\/06\/Bao-mod-2-peq.jpg 1287w\" sizes=\"auto, (max-width: 123px) 100vw, 123px\" \/>\u00a1Bienvenidos a <em><strong>Bao propiedades<\/strong><\/em>!<\/p>\n<p style=\"padding-left: 40px;\">Mi nombre es Mar\u00eda Jos\u00e9 Vega, de profesi\u00f3n universitaria Tecn\u00f3logo M\u00e9dico y desde el 2018 una apasionada interesada en el mercado inmobiliario. Mi objetivo es brindarte un servicio personalizado y ayudarte a encontrar <strong>Tu Hogar Perfecto<\/strong> o vender tu hogar de manera cercana y eficiente.<\/p>\n<p style=\"padding-left: 40px;\">Me encanta la emoci\u00f3n de explorar distintas propiedades y encontrar la adecuada para cada persona. Despu\u00e9s de a\u00f1os de trabajar en grupos relacionados con el sector decid\u00ed independizarme y formar <strong><em>Bao Propiedades<\/em><\/strong>. Mi enfoque principal es hacer que tu experiencia inmobiliaria sea lo m\u00e1s sencilla y agradable posible, escuchando tus necesidades y deseos para lograr encontrar la opci\u00f3n ideal que se ajuste a tu estilo de vida y presupuesto.<\/p>\n<p style=\"padding-left: 40px;\">Estoy emocionada de tener la oportunidad de trabajar contigo y ayudarte a alcanzar tus metas inmobiliarias.<\/p>\n<p style=\"padding-left: 40px;\">\u00a1No dudes en contactarme hoy mismo y comencemos esta emocionante aventura juntos!<\/p>\n<p style=\"text-align: right;\">Mar\u00eda Jos\u00e9<\/p>\n","protected":false},"excerpt":{"rendered":"<p>\u00a1Bienvenidos a Bao propiedades! Mi nombre es Mar\u00eda Jos\u00e9 Vega, de profesi\u00f3n universitaria Tecn\u00f3logo M\u00e9dico y desde el 2018 una apasionada interesada en el mercado inmobiliario. Mi objetivo es brindarte un servicio personalizado y ayudarte a encontrar Tu Hogar Perfecto o vender tu hogar de manera cercana y eficiente. Me<\/p>\n<div class=\"re-read-more\"><a class=\"read-more\" href=\"https:\/\/www.baopropiedades.cl\/?page_id=7\">Read More&#8230;<\/a><\/div>\n","protected":false},"author":1,"featured_media":0,"parent":0,"menu_order":0,"comment_status":"closed","ping_status":"closed","template":"","meta":{"footnotes":""},"class_list":["post-7","page","type-page","status-publish","hentry"],"_links":{"self":[{"href":"https:\/\/www.baopropiedades.cl\/index.php?rest_route=\/wp\/v2\/pages\/7","targetHints":{"allow":["GET"]}}],"collection":[{"href":"https:\/\/www.baopropiedades.cl\/index.php?rest_route=\/wp\/v2\/pages"}],"about":[{"href":"https:\/\/www.baopropiedades.cl\/index.php?rest_route=\/wp\/v2\/types\/page"}],"author":[{"embeddable":true,"href":"https:\/\/www.baopropiedades.cl\/index.php?rest_route=\/wp\/v2\/users\/1"}],"replies":[{"embeddable":true,"href":"https:\/\/www.baopropiedades.cl\/index.php?rest_route=%2Fwp%2Fv2%2Fcomments&post=7"}],"version-history":[{"count":6,"href":"https:\/\/www.baopropiedades.cl\/index.php?rest_route=\/wp\/v2\/pages\/7\/revisions"}],"predecessor-version":[{"id":116,"href":"https:\/\/www.baopropiedades.cl\/index.php?rest_route=\/wp\/v2\/pages\/7\/revisions\/116"}],"wp:attachment":[{"href":"https:\/\/www.baopropiedades.cl\/index.php?rest_route=%2Fwp%2Fv2%2Fmedia&parent=7"}],"curies":[{"name":"wp","href":"https:\/\/api.w.org\/{rel}","templated":true}]}}